{"id":8,"date":"2025-08-12T08:52:56","date_gmt":"2025-08-12T08:52:56","guid":{"rendered":"https:\/\/laboratoriosgomezmarin.es\/?page_id=8"},"modified":"2025-08-13T08:26:37","modified_gmt":"2025-08-13T08:26:37","slug":"inicio","status":"publish","type":"page","link":"https:\/\/laboratoriosgomezmarin.es\/","title":{"rendered":"Inicio"},"content":{"rendered":"<p>[et_pb_section fb_built=\u00bb1&#8243; _builder_version=\u00bb4.27.4&#8243; _module_preset=\u00bbdefault\u00bb background_color=\u00bbrgba(0,0,0,0.3)\u00bb background_image=\u00bbhttps:\/\/laboratoriosgomezmarin.es\/wp-content\/uploads\/2025\/08\/banner-inicio.jpg\u00bb background_blend=\u00bbmultiply\u00bb global_colors_info=\u00bb{}\u00bb][et_pb_row _builder_version=\u00bb4.27.4&#8243; _module_preset=\u00bbdefault\u00bb custom_margin=\u00bb10px||10px||true|false\u00bb global_colors_info=\u00bb{}\u00bb][et_pb_column type=\u00bb4_4&#8243; _builder_version=\u00bb4.27.4&#8243; _module_preset=\u00bbdefault\u00bb global_colors_info=\u00bb{}\u00bb][et_pb_text _builder_version=\u00bb4.27.4&#8243; _module_preset=\u00bbdefault\u00bb text_text_color=\u00bb#FFFFFF\u00bb header_font=\u00bb|700|||||||\u00bb header_text_color=\u00bb#FFFFFF\u00bb header_font_size=\u00bb50px\u00bb header_text_shadow_style=\u00bbpreset5&#8243; header_text_shadow_color=\u00bb#000000&#8243; global_colors_info=\u00bb{}\u00bb]<\/p>\n<h1>Laboratorios<\/h1>\n<h1>G\u00f3mez Mar\u00edn<\/h1>\n<p>[\/et_pb_text][et_pb_button button_url=\u00bbhttps:\/\/laboratoriosgomezmarin.es\/contacto\/\u00bb button_text=\u00bbCONTACTE\u00bb button_alignment=\u00bbleft\u00bb _builder_version=\u00bb4.27.4&#8243; _module_preset=\u00bbdefault\u00bb custom_button=\u00bbon\u00bb button_text_size=\u00bb17px\u00bb button_text_color=\u00bb#000000&#8243; button_bg_color=\u00bb#FFFFFF\u00bb button_border_width=\u00bb0px\u00bb button_border_radius=\u00bb0px\u00bb button_font=\u00bb|700|||||||\u00bb button_use_icon=\u00bboff\u00bb custom_padding=\u00bb10px|50px|10px|50px|true|true\u00bb global_colors_info=\u00bb{}\u00bb][\/et_pb_button][\/et_pb_column][\/et_pb_row][\/et_pb_section][et_pb_section fb_built=\u00bb1&#8243; _builder_version=\u00bb4.27.4&#8243; _module_preset=\u00bbdefault\u00bb global_colors_info=\u00bb{}\u00bb][et_pb_row _builder_version=\u00bb4.27.4&#8243; _module_preset=\u00bbdefault\u00bb global_colors_info=\u00bb{}\u00bb][et_pb_column type=\u00bb4_4&#8243; _builder_version=\u00bb4.27.4&#8243; _module_preset=\u00bbdefault\u00bb global_colors_info=\u00bb{}\u00bb][et_pb_code _builder_version=\u00bb4.27.4&#8243; _module_preset=\u00bbdefault\u00bb hover_enabled=\u00bb0&#8243; global_colors_info=\u00bb{}\u00bb sticky_enabled=\u00bb0&#8243;]<\/p>\n<style><!-- [et_pb_line_break_holder] --><!-- [et_pb_line_break_holder] -->  .servicios-wrapper {<!-- [et_pb_line_break_holder] -->    display: flex;<!-- [et_pb_line_break_holder] -->    align-items: center;<!-- [et_pb_line_break_holder] -->    max-width: 950px;<!-- [et_pb_line_break_holder] -->    border: 1px solid #ddd;<!-- [et_pb_line_break_holder] -->    border-radius: 8px;<!-- [et_pb_line_break_holder] -->    overflow: hidden;<!-- [et_pb_line_break_holder] -->    background: #fff;<!-- [et_pb_line_break_holder] -->    margin: 0 auto;<!-- [et_pb_line_break_holder] -->  }<!-- [et_pb_line_break_holder] --><!-- [et_pb_line_break_holder] -->  .servicios-texto {<!-- [et_pb_line_break_holder] -->    flex: 1;<!-- [et_pb_line_break_holder] -->    padding: 40px 30px;<!-- [et_pb_line_break_holder] -->    color: black;<!-- [et_pb_line_break_holder] -->  }<!-- [et_pb_line_break_holder] --><!-- [et_pb_line_break_holder] -->  .servicios-texto h1 {<!-- [et_pb_line_break_holder] -->    font-size: 40px;<!-- [et_pb_line_break_holder] -->    font-weight: normal;<!-- [et_pb_line_break_holder] -->    margin-bottom: 30px;<!-- [et_pb_line_break_holder] -->  }<!-- [et_pb_line_break_holder] --><!-- [et_pb_line_break_holder] -->  .servicios-texto h2 {<!-- [et_pb_line_break_holder] -->    font-size: 14px;<!-- [et_pb_line_break_holder] -->    font-weight: bold;<!-- [et_pb_line_break_holder] -->    margin-top: 20px;<!-- [et_pb_line_break_holder] -->    margin-bottom: 8px;<!-- [et_pb_line_break_holder] -->  }<!-- [et_pb_line_break_holder] --><!-- [et_pb_line_break_holder] -->  .servicios-texto ul {<!-- [et_pb_line_break_holder] -->    list-style: disc;<!-- [et_pb_line_break_holder] -->    margin: 0;<!-- [et_pb_line_break_holder] -->    padding-left: 20px;<!-- [et_pb_line_break_holder] -->  }<!-- [et_pb_line_break_holder] --><!-- [et_pb_line_break_holder] -->  .servicios-texto li {<!-- [et_pb_line_break_holder] -->    font-size: 14px;<!-- [et_pb_line_break_holder] -->    margin-bottom: 4px;<!-- [et_pb_line_break_holder] -->  }<!-- [et_pb_line_break_holder] --><!-- [et_pb_line_break_holder] -->  .servicios-imagen {<!-- [et_pb_line_break_holder] -->    flex: 1;<!-- [et_pb_line_break_holder] -->  }<!-- [et_pb_line_break_holder] --><!-- [et_pb_line_break_holder] -->  .servicios-imagen img {<!-- [et_pb_line_break_holder] -->    width: 100%;<!-- [et_pb_line_break_holder] -->    height: 100%;<!-- [et_pb_line_break_holder] -->    object-fit: cover;<!-- [et_pb_line_break_holder] -->    border-radius: 0 8px 8px 0;<!-- [et_pb_line_break_holder] -->    display: block;<!-- [et_pb_line_break_holder] -->  }<!-- [et_pb_line_break_holder] --><!-- [et_pb_line_break_holder] -->  @media (max-width: 768px) {<!-- [et_pb_line_break_holder] -->    .servicios-wrapper {<!-- [et_pb_line_break_holder] -->      flex-direction: column;<!-- [et_pb_line_break_holder] -->    }<!-- [et_pb_line_break_holder] --><!-- [et_pb_line_break_holder] -->    .servicios-imagen img {<!-- [et_pb_line_break_holder] -->      border-radius: 0 0 8px 8px;<!-- [et_pb_line_break_holder] -->    }<!-- [et_pb_line_break_holder] -->  }<!-- [et_pb_line_break_holder] --><\/style>\n<p><!-- [et_pb_line_break_holder] --><\/head><!-- [et_pb_line_break_holder] --><body><!-- [et_pb_line_break_holder] --><!-- [et_pb_line_break_holder] --><\/p>\n<div class=\"servicios-wrapper\"><!-- [et_pb_line_break_holder] -->  <\/p>\n<div class=\"servicios-texto\"><!-- [et_pb_line_break_holder] -->    <\/p>\n<h1>SERVICIOS<\/h1>\n<p><!-- [et_pb_line_break_holder] --><!-- [et_pb_line_break_holder] -->    <\/p>\n<h2>AN\u00c1LISIS CL\u00cdNICOS<\/h2>\n<p><!-- [et_pb_line_break_holder] -->    <\/p>\n<ul><!-- [et_pb_line_break_holder] -->      <\/p>\n<li>Sangre<\/li>\n<p><!-- [et_pb_line_break_holder] -->      <\/p>\n<li>Orina<\/li>\n<p><!-- [et_pb_line_break_holder] -->      <\/p>\n<li>Otras muestras biol\u00f3gicas<\/li>\n<p><!-- [et_pb_line_break_holder] -->    <\/ul>\n<p><!-- [et_pb_line_break_holder] --><!-- [et_pb_line_break_holder] -->    <\/p>\n<h2>AN\u00c1LISIS GEN\u00c9TICOS<\/h2>\n<p><!-- [et_pb_line_break_holder] --><!-- [et_pb_line_break_holder] -->    <\/p>\n<h2>AN\u00c1LISIS MICROBIOL\u00d3GICOS<\/h2>\n<p><!-- [et_pb_line_break_holder] --><!-- [et_pb_line_break_holder] -->    <\/p>\n<h2>AN\u00c1LISIS DE TEST DE ALIENTO<\/h2>\n<p><!-- [et_pb_line_break_holder] -->    <\/p>\n<ul><!-- [et_pb_line_break_holder] -->      <\/p>\n<li>Lactosa<\/li>\n<p><!-- [et_pb_line_break_holder] -->      <\/p>\n<li>Taukit<\/li>\n<p><!-- [et_pb_line_break_holder] -->      <\/p>\n<li>Fructosa<\/li>\n<p><!-- [et_pb_line_break_holder] -->      <\/p>\n<li>Sorbitol<\/li>\n<p><!-- [et_pb_line_break_holder] -->      <\/p>\n<li>Sobre crecimiento bacteriano<\/li>\n<p><!-- [et_pb_line_break_holder] -->      <\/p>\n<li>Lactulosa<\/li>\n<p><!-- [et_pb_line_break_holder] -->    <\/ul>\n<p><!-- [et_pb_line_break_holder] -->  <\/div>\n<p><!-- [et_pb_line_break_holder] --><!-- [et_pb_line_break_holder] -->  <\/p>\n<div class=\"servicios-imagen\"><!-- [et_pb_line_break_holder] -->    <img decoding=\"async\" src=\"https:\/\/laboratoriosgomezmarin.es\/wp-content\/uploads\/2025\/08\/LABORATORIOS-MARIN-HUELVA.jpg\" alt=\"An\u00e1lisis de laboratorio\"><!-- [et_pb_line_break_holder] -->  <\/div>\n<p><!-- [et_pb_line_break_holder] --><\/div>\n<p><!-- [et_pb_line_break_holder] --><!-- [et_pb_line_break_holder] --><\/body><!-- [et_pb_line_break_holder] --><\/html><!-- [et_pb_line_break_holder] -->[\/et_pb_code][\/et_pb_column][\/et_pb_row][et_pb_row _builder_version=\u00bb4.27.4&#8243; _module_preset=\u00bbdefault\u00bb column_structure=\u00bb1_3,2_3&#8243; hover_enabled=\u00bb0&#8243; sticky_enabled=\u00bb0&#8243; custom_margin=\u00bb40px||||false|false\u00bb][et_pb_column _builder_version=\u00bb4.27.4&#8243; _module_preset=\u00bbdefault\u00bb type=\u00bb1_3&#8243;][et_pb_image src=\u00bbhttps:\/\/laboratoriosgomezmarin.es\/wp-content\/uploads\/2025\/08\/Logo-Laboratorios-Gomez-Marin-Sin-Fondo.png\u00bb _builder_version=\u00bb4.27.4&#8243; _module_preset=\u00bbdefault\u00bb title_text=\u00bbLogo Laboratorios G\u00f3mez Mar\u00edn Sin Fondo\u00bb max_width=\u00bb150px\u00bb module_alignment=\u00bbcenter\u00bb hover_enabled=\u00bb0&#8243; sticky_enabled=\u00bb0&#8243;][\/et_pb_image][\/et_pb_column][et_pb_column _builder_version=\u00bb4.27.4&#8243; _module_preset=\u00bbdefault\u00bb type=\u00bb2_3&#8243;][et_pb_text _builder_version=\u00bb4.27.4&#8243; _module_preset=\u00bbdefault\u00bb hover_enabled=\u00bb0&#8243; sticky_enabled=\u00bb0&#8243; ul_text_color=\u00bb#000000&#8243;]<\/p>\n<h2><span style=\"color: #000000;\">CONOCEMOS<\/span><\/h2>\n<p><span style=\"color: #000000;\"><strong>Laboratorios con m\u00e1s de 50 a\u00f1os de experiencia.<\/strong><\/span><\/p>\n<p><span style=\"color: #000000;\">Prestando servicios ininterrumpidos al p\u00fablico, con todo tipo de an\u00e1lisis cl\u00ednicos y pruebas anal\u00edticas.<\/span><\/p>\n<p><span style=\"color: #000000;\"><strong>Mandamos pruebas especiales a Laboratorios de Referencia de reconocido prestigio.<\/strong><\/span><\/p>\n<ul>\n<li style=\"list-style-type: none;\">\n<ul>\n<li><span style=\"color: #000000;\">AN\u00c1LISIS CL\u00cdNICOS<\/span><\/li>\n<li><span style=\"color: #000000;\">TRATO PERSONALIZADO<\/span><\/li>\n<li><span style=\"color: #000000;\">SEGUIMIENTO DEL PACIENTE PRECISI\u00d3N Y CALIDAD<\/span><\/li>\n<\/ul>\n<\/li>\n<\/ul>\n<p>[\/et_pb_text][\/et_pb_column][\/et_pb_row][\/et_pb_section][et_pb_section fb_built=\u00bb1&#8243; theme_builder_area=\u00bbpost_content\u00bb _builder_version=\u00bb4.27.4&#8243; _module_preset=\u00bbdefault\u00bb border_width_top=\u00bb1px\u00bb border_color_top=\u00bb#a71592&#8243; hover_enabled=\u00bb0&#8243; sticky_enabled=\u00bb0&#8243; border_width_bottom=\u00bb1px\u00bb border_color_bottom=\u00bb#a71592&#8243;][et_pb_row _builder_version=\u00bb4.27.4&#8243; _module_preset=\u00bbdefault\u00bb theme_builder_area=\u00bbpost_content\u00bb column_structure=\u00bb3_5,2_5&#8243;][et_pb_column _builder_version=\u00bb4.27.4&#8243; _module_preset=\u00bbdefault\u00bb type=\u00bb3_5&#8243; theme_builder_area=\u00bbpost_content\u00bb][et_pb_text _builder_version=\u00bb4.27.4&#8243; _module_preset=\u00bbdefault\u00bb theme_builder_area=\u00bbpost_content\u00bb header_2_font_size=\u00bb45px\u00bb hover_enabled=\u00bb0&#8243; sticky_enabled=\u00bb0&#8243;]<\/p>\n<h2><span style=\"color: #000000;\">NUESTRO EQUIPO<\/span><\/h2>\n<p><span style=\"color: #000000;\">\u00a0<\/span><\/p>\n<p style=\"font-size: 19px;\"><span style=\"color: #000000;\"><strong>Nicol\u00e1s G\u00f3mez Mar\u00edn<\/strong><\/span><\/p>\n<p style=\"margin-top: -15px;\"><span style=\"color: #000000;\">Doctor en farmacia.<\/span><\/p>\n<p style=\"margin-top: -15px;\"><span style=\"color: #000000;\">Especialista en an\u00e1lisis cl\u00ednicos<\/span><\/p>\n<p>[\/et_pb_text][et_pb_code _builder_version=\u00bb4.27.4&#8243; _module_preset=\u00bbdefault\u00bb theme_builder_area=\u00bbpost_content\u00bb hover_enabled=\u00bb0&#8243; sticky_enabled=\u00bb0&#8243;] <\/p>\n<section class=\"grid\" aria-label=\"Equipo\"><!-- [et_pb_line_break_holder] -->    <\/p>\n<article class=\"card\"><!-- [et_pb_line_break_holder] -->      <\/p>\n<h2 class=\"name\">Laura Cristina G\u00f3mez Jald\u00f3n<\/h2>\n<p><!-- [et_pb_line_break_holder] -->      <pee class=\"role\">Licenciada en farmacia<\/pee><!-- [et_pb_line_break_holder] -->    <\/article>\n<p><!-- [et_pb_line_break_holder] --><!-- [et_pb_line_break_holder] -->    <\/p>\n<article class=\"card\"><!-- [et_pb_line_break_holder] -->      <\/p>\n<h2 class=\"name\">M\u00aa Teresa G\u00f3mez Jald\u00f3n<\/h2>\n<p><!-- [et_pb_line_break_holder] -->      <pee class=\"role\">Licenciada en farmacia<\/pee><!-- [et_pb_line_break_holder] -->    <\/article>\n<p><!-- [et_pb_line_break_holder] --><!-- [et_pb_line_break_holder] -->    <\/p>\n<article class=\"card\"><!-- [et_pb_line_break_holder] -->      <\/p>\n<h2 class=\"name\">M\u00aa Jes\u00fas G\u00f3mez Jald\u00f3n<\/h2>\n<p><!-- [et_pb_line_break_holder] -->      <pee class=\"role\">Licenciada en farmacia<\/pee><!-- [et_pb_line_break_holder] -->    <\/article>\n<p><!-- [et_pb_line_break_holder] --><!-- [et_pb_line_break_holder] -->    <\/p>\n<article class=\"card\"><!-- [et_pb_line_break_holder] -->      <\/p>\n<h2 class=\"name\">Mercedes Dom\u00ednguez Serrano<\/h2>\n<p><!-- [et_pb_line_break_holder] -->      <pee class=\"role\">D. U. E.<\/pee><!-- [et_pb_line_break_holder] -->    <\/article>\n<p><!-- [et_pb_line_break_holder] -->  <\/section>\n<p><!-- [et_pb_line_break_holder] --><\/p>\n<style><!-- [et_pb_line_break_holder] -->   :root{<!-- [et_pb_line_break_holder] -->      --title: black;      <!-- [et_pb_line_break_holder] -->      --muted: black;     <!-- [et_pb_line_break_holder] -->    }<!-- [et_pb_line_break_holder] --><!-- [et_pb_line_break_holder] -->    * { box-sizing: border-box; }<!-- [et_pb_line_break_holder] -->  <!-- [et_pb_line_break_holder] -->    .grid{<!-- [et_pb_line_break_holder] -->      max-width: 920px;<!-- [et_pb_line_break_holder] -->      margin: 0 auto;<!-- [et_pb_line_break_holder] -->      display: grid;<!-- [et_pb_line_break_holder] -->      grid-template-columns: repeat(2, minmax(0, 1fr));<!-- [et_pb_line_break_holder] -->      gap: 44px 64px;<!-- [et_pb_line_break_holder] -->    }<!-- [et_pb_line_break_holder] --><!-- [et_pb_line_break_holder] -->    .card{<!-- [et_pb_line_break_holder] -->      line-height: 1.35;<!-- [et_pb_line_break_holder] -->    }<!-- [et_pb_line_break_holder] --><!-- [et_pb_line_break_holder] -->    .name{<!-- [et_pb_line_break_holder] -->      margin: 0 0 6px;<!-- [et_pb_line_break_holder] -->      font-size: 18px;    <!-- [et_pb_line_break_holder] -->      font-weight: 900;<!-- [et_pb_line_break_holder] -->      letter-spacing: .2px;<!-- [et_pb_line_break_holder] -->    }<!-- [et_pb_line_break_holder] --><!-- [et_pb_line_break_holder] -->    .role{<!-- [et_pb_line_break_holder] -->      margin: 0;<!-- [et_pb_line_break_holder] -->      font-size: 0.95rem;<!-- [et_pb_line_break_holder] -->      color: var(--muted);<!-- [et_pb_line_break_holder] -->      letter-spacing: .3px;<!-- [et_pb_line_break_holder] -->    }<!-- [et_pb_line_break_holder] --><!-- [et_pb_line_break_holder] -->    @media (max-width: 640px){<!-- [et_pb_line_break_holder] -->      .grid{ grid-template-columns: 1fr; gap: 28px; }<!-- [et_pb_line_break_holder] -->    }<!-- [et_pb_line_break_holder] --><\/style>\n<p>[\/et_pb_code][\/et_pb_column][et_pb_column _builder_version=\u00bb4.27.4&#8243; _module_preset=\u00bbdefault\u00bb type=\u00bb2_5&#8243; theme_builder_area=\u00bbpost_content\u00bb][et_pb_image src=\u00bbhttps:\/\/laboratoriosgomezmarin.es\/wp-content\/uploads\/2025\/08\/equipo-laboratorios-marin.jpg\u00bb _builder_version=\u00bb4.27.4&#8243; _module_preset=\u00bbdefault\u00bb theme_builder_area=\u00bbpost_content\u00bb title_text=\u00bbSuccessful business team expressing unity\u00bb hover_enabled=\u00bb0&#8243; sticky_enabled=\u00bb0&#8243;][\/et_pb_image][\/et_pb_column][\/et_pb_row][\/et_pb_section][et_pb_section fb_built=\u00bb1&#8243; theme_builder_area=\u00bbpost_content\u00bb _builder_version=\u00bb4.27.4&#8243; _module_preset=\u00bbdefault\u00bb border_width_bottom=\u00bb1px\u00bb border_color_bottom=\u00bb#a71592&#8243; hover_enabled=\u00bb0&#8243; sticky_enabled=\u00bb0&#8243;][et_pb_row _builder_version=\u00bb4.27.4&#8243; _module_preset=\u00bbdefault\u00bb theme_builder_area=\u00bbpost_content\u00bb][et_pb_column _builder_version=\u00bb4.27.4&#8243; _module_preset=\u00bbdefault\u00bb type=\u00bb4_4&#8243; theme_builder_area=\u00bbpost_content\u00bb][et_pb_text _builder_version=\u00bb4.27.4&#8243; _module_preset=\u00bbdefault\u00bb theme_builder_area=\u00bbpost_content\u00bb header_2_font_size=\u00bb35px\u00bb header_2_text_align=\u00bbcenter\u00bb text_font_size=\u00bb15px\u00bb text_orientation=\u00bbcenter\u00bb hover_enabled=\u00bb0&#8243; sticky_enabled=\u00bb0&#8243;]<\/p>\n<h2><span style=\"color: #000000;\">\u00bfTiene alguna pregunta?<\/span><\/h2>\n<p><span style=\"color: #000000;\"><\/span><\/p>\n<p><span style=\"color: #000000;\">Puede contactar con nosotros mediante tel\u00e9fono, correo electr\u00f3nico, visitando nuestras instalaciones, rellenando nuestro formulario de contacto o si lo prefieres tambi\u00e9n por<\/span><strong> <a href=\"https:\/\/api.whatsapp.com\/send?phone=34660322875&amp;text=Contacto%20desde%20la%20web%20y%20quiero%20m%C3%A1s%20informaci%C3%B3n%20\"><span style=\"color: #04b67b;\"> Whatsapp <\/span><\/a><\/strong><\/p>\n<p>[\/et_pb_text][\/et_pb_column][\/et_pb_row][et_pb_row _builder_version=\u00bb4.27.4&#8243; _module_preset=\u00bbdefault\u00bb theme_builder_area=\u00bbpost_content\u00bb column_structure=\u00bb1_2,1_2&#8243;][et_pb_column _builder_version=\u00bb4.27.4&#8243; _module_preset=\u00bbdefault\u00bb type=\u00bb1_2&#8243; theme_builder_area=\u00bbpost_content\u00bb][et_pb_contact_form _builder_version=\u00bb4.27.4&#8243; _module_preset=\u00bbdefault\u00bb _unique_id=\u00bb903e4db0-ac40-4416-99af-442a36930e19&#8243; theme_builder_area=\u00bbpost_content\u00bb email=\u00bbinfo@laboratoriosgomezmarin.es\u00bb form_field_background_color=\u00bb#FFFFFF\u00bb form_field_text_color=\u00bb#000000&#8243; border_color_all=\u00bb#000000&#8243; border_width_all=\u00bb1px\u00bb custom_button=\u00bbon\u00bb button_text_color=\u00bb#FFFFFF\u00bb button_bg_color=\u00bb#a71592&#8243; button_bg_enable_color=\u00bbon\u00bb button_border_width=\u00bb0px\u00bb button_use_icon=\u00bboff\u00bb button_border_radius=\u00bb0px\u00bb button_text_size=\u00bb18px\u00bb button_font=\u00bb|700|||||||\u00bb use_spam_service=\u00bbon\u00bb recaptcha_list=\u00bblaboratoriosgomezmarin|laboratoriosgomezmarin-0&#8243; hover_enabled=\u00bb0&#8243; sticky_enabled=\u00bb0&#8243;][et_pb_contact_field field_id=\u00bbName\u00bb field_title=\u00bbNombre\u00bb _builder_version=\u00bb4.27.4&#8243; hover_enabled=\u00bb0&#8243; global_colors_info=\u00bb{}\u00bb button_text_size__hover_enabled=\u00bboff\u00bb button_one_text_size__hover_enabled=\u00bboff\u00bb button_two_text_size__hover_enabled=\u00bboff\u00bb button_text_color__hover_enabled=\u00bboff\u00bb button_one_text_color__hover_enabled=\u00bboff\u00bb button_two_text_color__hover_enabled=\u00bboff\u00bb button_border_width__hover_enabled=\u00bboff\u00bb button_one_border_width__hover_enabled=\u00bboff\u00bb button_two_border_width__hover_enabled=\u00bboff\u00bb button_border_color__hover_enabled=\u00bboff\u00bb button_one_border_color__hover_enabled=\u00bboff\u00bb button_two_border_color__hover_enabled=\u00bboff\u00bb button_border_radius__hover_enabled=\u00bboff\u00bb button_one_border_radius__hover_enabled=\u00bboff\u00bb button_two_border_radius__hover_enabled=\u00bboff\u00bb button_letter_spacing__hover_enabled=\u00bboff\u00bb button_one_letter_spacing__hover_enabled=\u00bboff\u00bb button_two_letter_spacing__hover_enabled=\u00bboff\u00bb button_bg_color__hover_enabled=\u00bboff\u00bb button_one_bg_color__hover_enabled=\u00bboff\u00bb button_two_bg_color__hover_enabled=\u00bboff\u00bb theme_builder_area=\u00bbpost_content\u00bb fullwidth_field=\u00bbon\u00bb sticky_enabled=\u00bb0&#8243;][\/et_pb_contact_field][et_pb_contact_field field_id=\u00bbPhone\u00bb field_title=\u00bbTel\u00e9fono\u00bb _builder_version=\u00bb4.27.4&#8243; hover_enabled=\u00bb0&#8243; global_colors_info=\u00bb{}\u00bb button_text_size__hover_enabled=\u00bboff\u00bb button_one_text_size__hover_enabled=\u00bboff\u00bb button_two_text_size__hover_enabled=\u00bboff\u00bb button_text_color__hover_enabled=\u00bboff\u00bb button_one_text_color__hover_enabled=\u00bboff\u00bb button_two_text_color__hover_enabled=\u00bboff\u00bb button_border_width__hover_enabled=\u00bboff\u00bb button_one_border_width__hover_enabled=\u00bboff\u00bb button_two_border_width__hover_enabled=\u00bboff\u00bb button_border_color__hover_enabled=\u00bboff\u00bb button_one_border_color__hover_enabled=\u00bboff\u00bb button_two_border_color__hover_enabled=\u00bboff\u00bb button_border_radius__hover_enabled=\u00bboff\u00bb button_one_border_radius__hover_enabled=\u00bboff\u00bb button_two_border_radius__hover_enabled=\u00bboff\u00bb button_letter_spacing__hover_enabled=\u00bboff\u00bb button_one_letter_spacing__hover_enabled=\u00bboff\u00bb button_two_letter_spacing__hover_enabled=\u00bboff\u00bb button_bg_color__hover_enabled=\u00bboff\u00bb button_one_bg_color__hover_enabled=\u00bboff\u00bb button_two_bg_color__hover_enabled=\u00bboff\u00bb theme_builder_area=\u00bbpost_content\u00bb fullwidth_field=\u00bbon\u00bb allowed_symbols=\u00bbnumbers\u00bb sticky_enabled=\u00bb0&#8243;][\/et_pb_contact_field][et_pb_contact_field field_id=\u00bbEmail\u00bb field_title=\u00bbDirecci\u00f3n de correo electr\u00f3nico\u00bb field_type=\u00bbemail\u00bb _builder_version=\u00bb4.27.4&#8243; hover_enabled=\u00bb0&#8243; global_colors_info=\u00bb{}\u00bb button_text_size__hover_enabled=\u00bboff\u00bb button_one_text_size__hover_enabled=\u00bboff\u00bb button_two_text_size__hover_enabled=\u00bboff\u00bb button_text_color__hover_enabled=\u00bboff\u00bb button_one_text_color__hover_enabled=\u00bboff\u00bb button_two_text_color__hover_enabled=\u00bboff\u00bb button_border_width__hover_enabled=\u00bboff\u00bb button_one_border_width__hover_enabled=\u00bboff\u00bb button_two_border_width__hover_enabled=\u00bboff\u00bb button_border_color__hover_enabled=\u00bboff\u00bb button_one_border_color__hover_enabled=\u00bboff\u00bb button_two_border_color__hover_enabled=\u00bboff\u00bb button_border_radius__hover_enabled=\u00bboff\u00bb button_one_border_radius__hover_enabled=\u00bboff\u00bb button_two_border_radius__hover_enabled=\u00bboff\u00bb button_letter_spacing__hover_enabled=\u00bboff\u00bb button_one_letter_spacing__hover_enabled=\u00bboff\u00bb button_two_letter_spacing__hover_enabled=\u00bboff\u00bb button_bg_color__hover_enabled=\u00bboff\u00bb button_one_bg_color__hover_enabled=\u00bboff\u00bb button_two_bg_color__hover_enabled=\u00bboff\u00bb theme_builder_area=\u00bbpost_content\u00bb fullwidth_field=\u00bbon\u00bb sticky_enabled=\u00bb0&#8243;][\/et_pb_contact_field][et_pb_contact_field field_id=\u00bbMessage\u00bb field_title=\u00bbMensaje\u00bb field_type=\u00bbtext\u00bb fullwidth_field=\u00bbon\u00bb _builder_version=\u00bb4.16&#8243; global_colors_info=\u00bb{}\u00bb button_text_size__hover_enabled=\u00bboff\u00bb button_one_text_size__hover_enabled=\u00bboff\u00bb button_two_text_size__hover_enabled=\u00bboff\u00bb button_text_color__hover_enabled=\u00bboff\u00bb button_one_text_color__hover_enabled=\u00bboff\u00bb button_two_text_color__hover_enabled=\u00bboff\u00bb button_border_width__hover_enabled=\u00bboff\u00bb button_one_border_width__hover_enabled=\u00bboff\u00bb button_two_border_width__hover_enabled=\u00bboff\u00bb button_border_color__hover_enabled=\u00bboff\u00bb button_one_border_color__hover_enabled=\u00bboff\u00bb button_two_border_color__hover_enabled=\u00bboff\u00bb button_border_radius__hover_enabled=\u00bboff\u00bb button_one_border_radius__hover_enabled=\u00bboff\u00bb button_two_border_radius__hover_enabled=\u00bboff\u00bb button_letter_spacing__hover_enabled=\u00bboff\u00bb button_one_letter_spacing__hover_enabled=\u00bboff\u00bb button_two_letter_spacing__hover_enabled=\u00bboff\u00bb button_bg_color__hover_enabled=\u00bboff\u00bb button_one_bg_color__hover_enabled=\u00bboff\u00bb button_two_bg_color__hover_enabled=\u00bboff\u00bb theme_builder_area=\u00bbpost_content\u00bb][\/et_pb_contact_field][\/et_pb_contact_form][\/et_pb_column][et_pb_column _builder_version=\u00bb4.27.4&#8243; _module_preset=\u00bbdefault\u00bb type=\u00bb1_2&#8243; theme_builder_area=\u00bbpost_content\u00bb][et_pb_code _builder_version=\u00bb4.27.4&#8243; _module_preset=\u00bbdefault\u00bb theme_builder_area=\u00bbpost_content\u00bb hover_enabled=\u00bb0&#8243; sticky_enabled=\u00bb0&#8243;]<iframe src=\"https:\/\/www.google.com\/maps\/embed?pb=!1m18!1m12!1m3!1d101626.09990275266!2d-6.989083910937487!3d37.252081822839806!2m3!1f0!2f0!3f0!3m2!1i1024!2i768!4f13.1!3m3!1m2!1s0xd11d02432e67a5d%3A0xbb716bc06360d994!2zR8OzbWV6IE1hcsOtbiBOaWNvbMOhcw!5e0!3m2!1ses-419!2ses!4v1755073533334!5m2!1ses-419!2ses\" width=\"600\" height=\"410\" style=\"border:0;\" allowfullscreen=\"\" loading=\"lazy\" referrerpolicy=\"no-referrer-when-downgrade\"><\/iframe>[\/et_pb_code][\/et_pb_column][\/et_pb_row][\/et_pb_section]<\/p>\n","protected":false},"excerpt":{"rendered":"<p>Laboratorios G\u00f3mez Mar\u00ednCONOCEMOS Laboratorios con m\u00e1s de 50 a\u00f1os de experiencia. Prestando servicios ininterrumpidos al p\u00fablico, con todo tipo de an\u00e1lisis cl\u00ednicos y pruebas anal\u00edticas. Mandamos pruebas especiales a Laboratorios de Referencia de reconocido prestigio. AN\u00c1LISIS CL\u00cdNICOS TRATO PERSONALIZADO SEGUIMIENTO DEL PACIENTE PRECISI\u00d3N Y CALIDAD NUESTRO EQUIPO \u00a0 Nicol\u00e1s G\u00f3mez Mar\u00edn Doctor en farmacia. Especialista [&hellip;]<\/p>\n","protected":false},"author":1,"featured_media":0,"parent":0,"menu_order":0,"comment_status":"closed","ping_status":"closed","template":"","meta":{"_et_pb_use_builder":"on","_et_pb_old_content":"<!-- wp:divi\/placeholder \/-->","_et_gb_content_width":"","footnotes":""},"class_list":["post-8","page","type-page","status-publish","hentry"],"_links":{"self":[{"href":"https:\/\/laboratoriosgomezmarin.es\/index.php?rest_route=\/wp\/v2\/pages\/8","targetHints":{"allow":["GET"]}}],"collection":[{"href":"https:\/\/laboratoriosgomezmarin.es\/index.php?rest_route=\/wp\/v2\/pages"}],"about":[{"href":"https:\/\/laboratoriosgomezmarin.es\/index.php?rest_route=\/wp\/v2\/types\/page"}],"author":[{"embeddable":true,"href":"https:\/\/laboratoriosgomezmarin.es\/index.php?rest_route=\/wp\/v2\/users\/1"}],"replies":[{"embeddable":true,"href":"https:\/\/laboratoriosgomezmarin.es\/index.php?rest_route=%2Fwp%2Fv2%2Fcomments&post=8"}],"version-history":[{"count":20,"href":"https:\/\/laboratoriosgomezmarin.es\/index.php?rest_route=\/wp\/v2\/pages\/8\/revisions"}],"predecessor-version":[{"id":75,"href":"https:\/\/laboratoriosgomezmarin.es\/index.php?rest_route=\/wp\/v2\/pages\/8\/revisions\/75"}],"wp:attachment":[{"href":"https:\/\/laboratoriosgomezmarin.es\/index.php?rest_route=%2Fwp%2Fv2%2Fmedia&parent=8"}],"curies":[{"name":"wp","href":"https:\/\/api.w.org\/{rel}","templated":true}]}}